{"id":2253,"date":"2013-04-26T08:54:10","date_gmt":"2013-04-26T07:54:10","guid":{"rendered":"http:\/\/owconsulting.fr\/testnew\/artists\/ewa-bathelier\/"},"modified":"2018-11-21T14:02:05","modified_gmt":"2018-11-21T13:02:05","slug":"ewa-bathelier","status":"publish","type":"page","link":"https:\/\/www.galeriesol.com\/en\/artists\/ewa-bathelier\/","title":{"rendered":"Ewa Bathelier"},"content":{"rendered":"<p style=\"text-align: right;\"><em>Artist-painter<\/em><br \/>\n<em><strong>Permanently exhibited at the JPB-ART Gallery, Saint-Tropez<\/strong><\/em><br \/>\n<em><strong>2003 \u2014<\/strong> Clinique de l&#8217;Orangerie, Strasbourg, France<\/em><br \/>\n<em>Stimultania Gallery, Strasbourg, France<\/em><br \/>\n<em>Anya tish gallery, Houston, USA<\/em><br \/>\n<em><strong>2004 \u2013<\/strong> Polish Art confrontations, Los Angeles, USA<\/em><br \/>\n<em>Galerie Claudine Legrand, Paris, France<\/em><br \/>\n<em>l&#8217;appartement, Strasbourg, France<\/em><br \/>\n<em>Nova Polska, H\u00f4tel de Ville, Strasbourg, France<\/em><br \/>\n<em>Eclectica Gallery, Venice, Italie<\/em><br \/>\n<em>Vision de soi, Ribeauvill\u00e9, France<\/em><br \/>\n<em>Caf\u00e9 de l&#8217;op\u00e9ra, Op\u00e9ra National du Rhin, Strasbourg, France<\/em><br \/>\n<em><strong>2005 \u2013<\/strong> Anya Tish Gallery, Houston, USA<\/em><br \/>\n<em>Eclectica Gallery, Venice, Italie<\/em><br \/>\n<em>Fashion Design Biennale, Arnhem, Netherlands<\/em><br \/>\n<em>Wiz&#8217;Art, CIAL, Strasbourg, France<\/em><br \/>\n<em>Faust Building, IIIkirch, France<br \/>\n<\/em><em>Caf\u00e9 de l&#8217;Op\u00e9ra, Op\u00e9ra National du Rhin, Strasbourg, France<br \/>\n<\/em><em>St&#8217;Art 2005, Salon International d&#8217;Art Contemporain, Strasbourg, Eclectica Gallery, Venice, Italie<\/em><\/p>\n","protected":false},"excerpt":{"rendered":"<p>Artist-painter Permanently exhibited at the JPB-ART Gallery, Saint-Tropez 2003 \u2014 Clinique de l&#8217;Orangerie, Strasbourg, France Stimultania Gallery, Strasbourg, France Anya tish gallery, Houston, USA 2004 \u2013 Polish Art confrontations, Los Angeles, USA Galerie Claudine Legrand, Paris, France l&#8217;appartement, Strasbourg, France Nova Polska, H\u00f4tel de Ville, Strasbourg, France Eclectica Gallery, Venice, Italie Vision de soi, Ribeauvill\u00e9, [&hellip;]<\/p>\n","protected":false},"author":2,"featured_media":4470,"parent":31,"menu_order":55,"comment_status":"closed","ping_status":"closed","template":"artiste_single.php","meta":[],"yoast_head":"<!-- This site is optimized with the Yoast SEO plugin v19.10 - https:\/\/yoast.com\/wordpress\/plugins\/seo\/ -->\n<title>Ewa Bathelier - Galerie Sol<\/title>\n<meta name=\"robots\" content=\"index, follow, max-snippet:-1, max-image-preview:large, max-video-preview:-1\" \/>\n<link rel=\"canonical\" href=\"https:\/\/www.galeriesol.com\/en\/artists\/ewa-bathelier\/\" \/>\n<meta property=\"og:locale\" content=\"en_US\" \/>\n<meta property=\"og:type\" content=\"article\" \/>\n<meta property=\"og:title\" content=\"Ewa Bathelier - Galerie Sol\" \/>\n<meta property=\"og:description\" content=\"Artist-painter Permanently exhibited at the JPB-ART Gallery, Saint-Tropez 2003 \u2014 Clinique de l&#8217;Orangerie, Strasbourg, France Stimultania Gallery, Strasbourg, France Anya tish gallery, Houston, USA 2004 \u2013 Polish Art confrontations, Los Angeles, USA Galerie Claudine Legrand, Paris, France l&#8217;appartement, Strasbourg, France Nova Polska, H\u00f4tel de Ville, Strasbourg, France Eclectica Gallery, Venice, Italie Vision de soi, Ribeauvill\u00e9, [&hellip;]\" \/>\n<meta property=\"og:url\" content=\"https:\/\/www.galeriesol.com\/en\/artists\/ewa-bathelier\/\" \/>\n<meta property=\"og:site_name\" content=\"Galerie Sol\" \/>\n<meta property=\"article:modified_time\" content=\"2018-11-21T13:02:05+00:00\" \/>\n<meta property=\"og:image\" content=\"https:\/\/www.galeriesol.com\/wp-content\/uploads\/385889_2681711036074_1186040564_n.jpg\" \/>\n\t<meta property=\"og:image:width\" content=\"960\" \/>\n\t<meta property=\"og:image:height\" content=\"960\" \/>\n\t<meta property=\"og:image:type\" content=\"image\/jpeg\" \/>\n<meta name=\"twitter:card\" content=\"summary_large_image\" \/>\n<meta name=\"twitter:label1\" content=\"Est. reading time\" \/>\n\t<meta name=\"twitter:data1\" content=\"1 minute\" \/>\n<script type=\"application\/ld+json\" class=\"yoast-schema-graph\">{\"@context\":\"https:\/\/schema.org\",\"@graph\":[{\"@type\":\"WebPage\",\"@id\":\"https:\/\/www.galeriesol.com\/en\/artists\/ewa-bathelier\/\",\"url\":\"https:\/\/www.galeriesol.com\/en\/artists\/ewa-bathelier\/\",\"name\":\"Ewa Bathelier - Galerie Sol\",\"isPartOf\":{\"@id\":\"https:\/\/www.galeriesol.com\/#website\"},\"datePublished\":\"2013-04-26T07:54:10+00:00\",\"dateModified\":\"2018-11-21T13:02:05+00:00\",\"breadcrumb\":{\"@id\":\"https:\/\/www.galeriesol.com\/en\/artists\/ewa-bathelier\/#breadcrumb\"},\"inLanguage\":\"en-US\",\"potentialAction\":[{\"@type\":\"ReadAction\",\"target\":[\"https:\/\/www.galeriesol.com\/en\/artists\/ewa-bathelier\/\"]}]},{\"@type\":\"BreadcrumbList\",\"@id\":\"https:\/\/www.galeriesol.com\/en\/artists\/ewa-bathelier\/#breadcrumb\",\"itemListElement\":[{\"@type\":\"ListItem\",\"position\":1,\"name\":\"Accueil\",\"item\":\"https:\/\/www.galeriesol.com\/en\/\"},{\"@type\":\"ListItem\",\"position\":2,\"name\":\"Artists\",\"item\":\"https:\/\/www.galeriesol.com\/en\/artists\/\"},{\"@type\":\"ListItem\",\"position\":3,\"name\":\"Ewa Bathelier\"}]},{\"@type\":\"WebSite\",\"@id\":\"https:\/\/www.galeriesol.com\/#website\",\"url\":\"https:\/\/www.galeriesol.com\/\",\"name\":\"Galerie Sol\",\"description\":\"Galerie SOL- Saint-Tropez\",\"potentialAction\":[{\"@type\":\"SearchAction\",\"target\":{\"@type\":\"EntryPoint\",\"urlTemplate\":\"https:\/\/www.galeriesol.com\/?s={search_term_string}\"},\"query-input\":\"required name=search_term_string\"}],\"inLanguage\":\"en-US\"}]}<\/script>\n<!-- \/ Yoast SEO plugin. -->","yoast_head_json":{"title":"Ewa Bathelier - Galerie Sol","robots":{"index":"index","follow":"follow","max-snippet":"max-snippet:-1","max-image-preview":"max-image-preview:large","max-video-preview":"max-video-preview:-1"},"canonical":"https:\/\/www.galeriesol.com\/en\/artists\/ewa-bathelier\/","og_locale":"en_US","og_type":"article","og_title":"Ewa Bathelier - Galerie Sol","og_description":"Artist-painter Permanently exhibited at the JPB-ART Gallery, Saint-Tropez 2003 \u2014 Clinique de l&#8217;Orangerie, Strasbourg, France Stimultania Gallery, Strasbourg, France Anya tish gallery, Houston, USA 2004 \u2013 Polish Art confrontations, Los Angeles, USA Galerie Claudine Legrand, Paris, France l&#8217;appartement, Strasbourg, France Nova Polska, H\u00f4tel de Ville, Strasbourg, France Eclectica Gallery, Venice, Italie Vision de soi, Ribeauvill\u00e9, [&hellip;]","og_url":"https:\/\/www.galeriesol.com\/en\/artists\/ewa-bathelier\/","og_site_name":"Galerie Sol","article_modified_time":"2018-11-21T13:02:05+00:00","og_image":[{"width":960,"height":960,"url":"https:\/\/www.galeriesol.com\/wp-content\/uploads\/385889_2681711036074_1186040564_n.jpg","type":"image\/jpeg"}],"twitter_card":"summary_large_image","twitter_misc":{"Est. reading time":"1 minute"},"schema":{"@context":"https:\/\/schema.org","@graph":[{"@type":"WebPage","@id":"https:\/\/www.galeriesol.com\/en\/artists\/ewa-bathelier\/","url":"https:\/\/www.galeriesol.com\/en\/artists\/ewa-bathelier\/","name":"Ewa Bathelier - Galerie Sol","isPartOf":{"@id":"https:\/\/www.galeriesol.com\/#website"},"datePublished":"2013-04-26T07:54:10+00:00","dateModified":"2018-11-21T13:02:05+00:00","breadcrumb":{"@id":"https:\/\/www.galeriesol.com\/en\/artists\/ewa-bathelier\/#breadcrumb"},"inLanguage":"en-US","potentialAction":[{"@type":"ReadAction","target":["https:\/\/www.galeriesol.com\/en\/artists\/ewa-bathelier\/"]}]},{"@type":"BreadcrumbList","@id":"https:\/\/www.galeriesol.com\/en\/artists\/ewa-bathelier\/#breadcrumb","itemListElement":[{"@type":"ListItem","position":1,"name":"Accueil","item":"https:\/\/www.galeriesol.com\/en\/"},{"@type":"ListItem","position":2,"name":"Artists","item":"https:\/\/www.galeriesol.com\/en\/artists\/"},{"@type":"ListItem","position":3,"name":"Ewa Bathelier"}]},{"@type":"WebSite","@id":"https:\/\/www.galeriesol.com\/#website","url":"https:\/\/www.galeriesol.com\/","name":"Galerie Sol","description":"Galerie SOL- Saint-Tropez","potentialAction":[{"@type":"SearchAction","target":{"@type":"EntryPoint","urlTemplate":"https:\/\/www.galeriesol.com\/?s={search_term_string}"},"query-input":"required name=search_term_string"}],"inLanguage":"en-US"}]}},"acf":[],"_links":{"self":[{"href":"https:\/\/www.galeriesol.com\/en\/wp-json\/wp\/v2\/pages\/2253"}],"collection":[{"href":"https:\/\/www.galeriesol.com\/en\/wp-json\/wp\/v2\/pages"}],"about":[{"href":"https:\/\/www.galeriesol.com\/en\/wp-json\/wp\/v2\/types\/page"}],"author":[{"embeddable":true,"href":"https:\/\/www.galeriesol.com\/en\/wp-json\/wp\/v2\/users\/2"}],"replies":[{"embeddable":true,"href":"https:\/\/www.galeriesol.com\/en\/wp-json\/wp\/v2\/comments?post=2253"}],"version-history":[{"count":9,"href":"https:\/\/www.galeriesol.com\/en\/wp-json\/wp\/v2\/pages\/2253\/revisions"}],"predecessor-version":[{"id":4471,"href":"https:\/\/www.galeriesol.com\/en\/wp-json\/wp\/v2\/pages\/2253\/revisions\/4471"}],"up":[{"embeddable":true,"href":"https:\/\/www.galeriesol.com\/en\/wp-json\/wp\/v2\/pages\/31"}],"wp:featuredmedia":[{"embeddable":true,"href":"https:\/\/www.galeriesol.com\/en\/wp-json\/wp\/v2\/media\/4470"}],"wp:attachment":[{"href":"https:\/\/www.galeriesol.com\/en\/wp-json\/wp\/v2\/media?parent=2253"}],"curies":[{"name":"wp","href":"https:\/\/api.w.org\/{rel}","templated":true}]}}